{"id":10841,"date":"2025-05-22T19:52:44","date_gmt":"2025-05-22T19:52:44","guid":{"rendered":"https:\/\/figaretti.com.pl\/?page_id=10841"},"modified":"2025-06-21T09:24:57","modified_gmt":"2025-06-21T09:24:57","slug":"dodatkowe-udogodnienia-2","status":"publish","type":"page","link":"https:\/\/figaretti.com.pl\/pl\/dodatkowe-udogodnienia-2\/","title":{"rendered":"P\u0141ATNO\u015aCI"},"content":{"rendered":"\t\t<div data-elementor-type=\"wp-page\" data-elementor-id=\"10841\" class=\"elementor elementor-10841 elementor-10840\">\n\t\t\t\t<div class=\"elementor-element elementor-element-afb38ef e-flex e-con-boxed e-con e-parent\" data-id=\"afb38ef\" data-element_type=\"container\">\n\t\t\t\t\t<div class=\"e-con-inner\">\n\t\t\t\t<div class=\"elementor-element elementor-element-ea5ebc8 elementor-widget elementor-widget-heading\" data-id=\"ea5ebc8\" data-element_type=\"widget\" data-widget_type=\"heading.default\">\n\t\t\t\t<div class=\"elementor-widget-container\">\n\t\t\t\t\t<h1 class=\"elementor-heading-title elementor-size-default\">P\u0141ATNO\u015aCI<\/h1>\t\t\t\t<\/div>\n\t\t\t\t<\/div>\n\t\t\t\t<div class=\"elementor-element elementor-element-2b798a0 elementor-widget elementor-widget-text-editor\" data-id=\"2b798a0\" data-element_type=\"widget\" data-widget_type=\"text-editor.default\">\n\t\t\t\t<div class=\"elementor-widget-container\">\n\t\t\t\t\t\t\t\t\t<p><strong>REZERWACJA I ZAWARCIE UMOWY<\/strong><br>Rezerwacja apartamentu w Figaretti staje si\u0119 wi\u0105\u017c\u0105ca w momencie jej potwierdzenia przez nasz system rezerwacyjny lub e-mailowo przez administracj\u0119. Z chwil\u0105 otrzymania przez Go\u015bcia wiadomo\u015bci e-mail z potwierdzeniem rezerwacji dochodzi do zawarcia umowy najmu kr\u00f3tkoterminowego mi\u0119dzy Go\u015bciem a Wynajmuj\u0105cym. <br><br><strong>DOST\u0118PNE FORMY P\u0141ATNO\u015aCI<\/strong><br>Oferujemy nast\u0119puj\u0105ce metody p\u0142atno\u015bci:<\/p>\t\t\t\t\t\t\t\t<\/div>\n\t\t\t\t<\/div>\n\t\t\t\t\t<\/div>\n\t\t\t\t<\/div>\n\t\t<div class=\"elementor-element elementor-element-6a59687 e-flex e-con-boxed e-con e-parent\" data-id=\"6a59687\" data-element_type=\"container\">\n\t\t\t\t\t<div class=\"e-con-inner\">\n\t\t<div class=\"elementor-element elementor-element-460820a e-con-full e-flex e-con e-child\" data-id=\"460820a\" data-element_type=\"container\">\n\t\t\t\t<div class=\"elementor-element elementor-element-d5d0d78 elementor-view-stacked elementor-shape-circle elementor-position-top elementor-mobile-position-top elementor-widget elementor-widget-icon-box\" data-id=\"d5d0d78\" data-element_type=\"widget\" data-widget_type=\"icon-box.default\">\n\t\t\t\t<div class=\"elementor-widget-container\">\n\t\t\t\t\t\t\t<div class=\"elementor-icon-box-wrapper\">\n\n\t\t\t\t\t\t<div class=\"elementor-icon-box-icon\">\n\t\t\t\t<span  class=\"elementor-icon\">\n\t\t\t\t<svg aria-hidden=\"true\" class=\"e-font-icon-svg e-fas-money-check-alt\" viewBox=\"0 0 640 512\" xmlns=\"http:\/\/www.w3.org\/2000\/svg\"><path d=\"M608 32H32C14.33 32 0 46.33 0 64v384c0 17.67 14.33 32 32 32h576c17.67 0 32-14.33 32-32V64c0-17.67-14.33-32-32-32zM176 327.88V344c0 4.42-3.58 8-8 8h-16c-4.42 0-8-3.58-8-8v-16.29c-11.29-.58-22.27-4.52-31.37-11.35-3.9-2.93-4.1-8.77-.57-12.14l11.75-11.21c2.77-2.64 6.89-2.76 10.13-.73 3.87 2.42 8.26 3.72 12.82 3.72h28.11c6.5 0 11.8-5.92 11.8-13.19 0-5.95-3.61-11.19-8.77-12.73l-45-13.5c-18.59-5.58-31.58-23.42-31.58-43.39 0-24.52 19.05-44.44 42.67-45.07V152c0-4.42 3.58-8 8-8h16c4.42 0 8 3.58 8 8v16.29c11.29.58 22.27 4.51 31.37 11.35 3.9 2.93 4.1 8.77.57 12.14l-11.75 11.21c-2.77 2.64-6.89 2.76-10.13.73-3.87-2.43-8.26-3.72-12.82-3.72h-28.11c-6.5 0-11.8 5.92-11.8 13.19 0 5.95 3.61 11.19 8.77 12.73l45 13.5c18.59 5.58 31.58 23.42 31.58 43.39 0 24.53-19.05 44.44-42.67 45.07zM416 312c0 4.42-3.58 8-8 8H296c-4.42 0-8-3.58-8-8v-16c0-4.42 3.58-8 8-8h112c4.42 0 8 3.58 8 8v16zm160 0c0 4.42-3.58 8-8 8h-80c-4.42 0-8-3.58-8-8v-16c0-4.42 3.58-8 8-8h80c4.42 0 8 3.58 8 8v16zm0-96c0 4.42-3.58 8-8 8H296c-4.42 0-8-3.58-8-8v-16c0-4.42 3.58-8 8-8h272c4.42 0 8 3.58 8 8v16z\"><\/path><\/svg>\t\t\t\t<\/span>\n\t\t\t<\/div>\n\t\t\t\n\t\t\t\t\t\t<div class=\"elementor-icon-box-content\">\n\n\t\t\t\t\t\t\t\t\t<h3 class=\"elementor-icon-box-title\">\n\t\t\t\t\t\t<span  >\n\t\t\t\t\t\t\tPrzelew bankowy\t\t\t\t\t\t<\/span>\n\t\t\t\t\t<\/h3>\n\t\t\t\t\n\t\t\t\t\t\t\t\t\t<p class=\"elementor-icon-box-description\">\n\t\t\t\t\t\tP\u0142atno\u015b\u0107 przelewem na rachunek bankowy Wynajmuj\u0105cego. Dane do przelewu zostan\u0105 przes\u0142ane w wiadomo\u015bci e-mail z potwierdzeniem rezerwacji. \t\t\t\t\t<\/p>\n\t\t\t\t\n\t\t\t<\/div>\n\t\t\t\n\t\t<\/div>\n\t\t\t\t\t\t<\/div>\n\t\t\t\t<\/div>\n\t\t\t\t<\/div>\n\t\t<div class=\"elementor-element elementor-element-35b3281 e-con-full e-flex e-con e-child\" data-id=\"35b3281\" data-element_type=\"container\">\n\t\t\t\t<div class=\"elementor-element elementor-element-9c41fa9 elementor-view-stacked elementor-shape-circle elementor-position-top elementor-mobile-position-top elementor-widget elementor-widget-icon-box\" data-id=\"9c41fa9\" data-element_type=\"widget\" data-widget_type=\"icon-box.default\">\n\t\t\t\t<div class=\"elementor-widget-container\">\n\t\t\t\t\t\t\t<div class=\"elementor-icon-box-wrapper\">\n\n\t\t\t\t\t\t<div class=\"elementor-icon-box-icon\">\n\t\t\t\t<span  class=\"elementor-icon\">\n\t\t\t\t<svg aria-hidden=\"true\" class=\"e-font-icon-svg e-fas-credit-card\" viewBox=\"0 0 576 512\" xmlns=\"http:\/\/www.w3.org\/2000\/svg\"><path d=\"M0 432c0 26.5 21.5 48 48 48h480c26.5 0 48-21.5 48-48V256H0v176zm192-68c0-6.6 5.4-12 12-12h136c6.6 0 12 5.4 12 12v40c0 6.6-5.4 12-12 12H204c-6.6 0-12-5.4-12-12v-40zm-128 0c0-6.6 5.4-12 12-12h72c6.6 0 12 5.4 12 12v40c0 6.6-5.4 12-12 12H76c-6.6 0-12-5.4-12-12v-40zM576 80v48H0V80c0-26.5 21.5-48 48-48h480c26.5 0 48 21.5 48 48z\"><\/path><\/svg>\t\t\t\t<\/span>\n\t\t\t<\/div>\n\t\t\t\n\t\t\t\t\t\t<div class=\"elementor-icon-box-content\">\n\n\t\t\t\t\t\t\t\t\t<h3 class=\"elementor-icon-box-title\">\n\t\t\t\t\t\t<span  >\n\t\t\t\t\t\t\tP\u0142atno\u015bci online przez Przelewy24\t\t\t\t\t\t<\/span>\n\t\t\t\t\t<\/h3>\n\t\t\t\t\n\t\t\t\t\t\t\t\t\t<p class=\"elementor-icon-box-description\">\n\t\t\t\t\t\tWygodna i szybka p\u0142atno\u015b\u0107 elektroniczna (BLIK, przelew online, karta p\u0142atnicza itp.).\t\t\t\t\t<\/p>\n\t\t\t\t\n\t\t\t<\/div>\n\t\t\t\n\t\t<\/div>\n\t\t\t\t\t\t<\/div>\n\t\t\t\t<\/div>\n\t\t\t\t<\/div>\n\t\t<div class=\"elementor-element elementor-element-a26af2a e-con-full e-flex e-con e-child\" data-id=\"a26af2a\" data-element_type=\"container\">\n\t\t\t\t<div class=\"elementor-element elementor-element-08959de elementor-view-stacked elementor-shape-circle elementor-position-top elementor-mobile-position-top elementor-widget elementor-widget-icon-box\" data-id=\"08959de\" data-element_type=\"widget\" data-widget_type=\"icon-box.default\">\n\t\t\t\t<div class=\"elementor-widget-container\">\n\t\t\t\t\t\t\t<div class=\"elementor-icon-box-wrapper\">\n\n\t\t\t\t\t\t<div class=\"elementor-icon-box-icon\">\n\t\t\t\t<span  class=\"elementor-icon\">\n\t\t\t\t<svg aria-hidden=\"true\" class=\"e-font-icon-svg e-fas-money-bill\" viewBox=\"0 0 640 512\" xmlns=\"http:\/\/www.w3.org\/2000\/svg\"><path d=\"M608 64H32C14.33 64 0 78.33 0 96v320c0 17.67 14.33 32 32 32h576c17.67 0 32-14.33 32-32V96c0-17.67-14.33-32-32-32zM48 400v-64c35.35 0 64 28.65 64 64H48zm0-224v-64h64c0 35.35-28.65 64-64 64zm272 176c-44.19 0-80-42.99-80-96 0-53.02 35.82-96 80-96s80 42.98 80 96c0 53.03-35.83 96-80 96zm272 48h-64c0-35.35 28.65-64 64-64v64zm0-224c-35.35 0-64-28.65-64-64h64v64z\"><\/path><\/svg>\t\t\t\t<\/span>\n\t\t\t<\/div>\n\t\t\t\n\t\t\t\t\t\t<div class=\"elementor-icon-box-content\">\n\n\t\t\t\t\t\t\t\t\t<h3 class=\"elementor-icon-box-title\">\n\t\t\t\t\t\t<span  >\n\t\t\t\t\t\t\tDane do przelewu\t\t\t\t\t\t<\/span>\n\t\t\t\t\t<\/h3>\n\t\t\t\t\n\t\t\t\t\t\t\t\t\t<p class=\"elementor-icon-box-description\">\n\t\t\t\t\t\tPPH Figaretti Wies\u0142aw Obidowicz\nul. Zdun\u00f3w 18G\/2, \n30-428 Krak\u00f3w\nAlior Bank S.A.\nkonto PLN: 35 2490 0005 0000 4530 0012 2351\nkonto EUR: \u2013 \nSWIFT: ALBPPLPW\t\t\t\t\t<\/p>\n\t\t\t\t\n\t\t\t<\/div>\n\t\t\t\n\t\t<\/div>\n\t\t\t\t\t\t<\/div>\n\t\t\t\t<\/div>\n\t\t\t\t<\/div>\n\t\t\t\t\t<\/div>\n\t\t\t\t<\/div>\n\t\t<div class=\"elementor-element elementor-element-1f77f7f e-flex e-con-boxed e-con e-parent\" data-id=\"1f77f7f\" data-element_type=\"container\">\n\t\t\t\t\t<div class=\"e-con-inner\">\n\t\t<div class=\"elementor-element elementor-element-949e2be e-con-full e-flex e-con e-child\" data-id=\"949e2be\" data-element_type=\"container\">\n\t\t\t\t<div class=\"elementor-element elementor-element-8d48100 elementor-widget elementor-widget-text-editor\" data-id=\"8d48100\" data-element_type=\"widget\" data-widget_type=\"text-editor.default\">\n\t\t\t\t<div class=\"elementor-widget-container\">\n\t\t\t\t\t\t\t\t\t<p>Operatorem p\u0142atno\u015bci kart\u0105 jest PayPro SA \u2013 Agent Rozliczeniowy ul. Kanclerska 15, 60-327 Pozna\u0144 KRS: 0000347935 | NIP: 7792369887 | REGON: 301345068 S\u0105d Rejestrowy: S\u0105d Rejonowy Pozna\u0144 \u2013 Nowe Miasto i Wilda, VIII Wydzia\u0142 Gospodarczy KRS<br><br> <br><a href=\"mailto:figaretti@figaretti.com.pl\">figaretti@figaretti.com.pl<\/a>.<\/p>\t\t\t\t\t\t\t\t<\/div>\n\t\t\t\t<\/div>\n\t\t\t\t<\/div>\n\t\t\t\t\t<\/div>\n\t\t\t\t<\/div>\n\t\t\t\t<\/div>\n\t\t","protected":false},"excerpt":{"rendered":"<p>P\u0141ATNO\u015aCI REZERWACJA I ZAWARCIE UMOWYRezerwacja apartamentu w Figaretti staje si\u0119 wi\u0105\u017c\u0105ca w momencie jej potwierdzenia przez nasz system rezerwacyjny lub&#8230; <span class=\"knsl-el-more\"><a href=\"https:\/\/figaretti.com.pl\/pl\/dodatkowe-udogodnienia-2\/\" class=\"knsl-btn\">Read more<span class=\"screen-reader-text\">Read more&nbsp;P\u0141ATNO\u015aCI<\/span><\/a><\/span><\/p>\n","protected":false},"author":1,"featured_media":0,"parent":0,"menu_order":0,"comment_status":"closed","ping_status":"closed","template":"template-layout-builder.php","meta":{"_acf_changed":false,"inline_featured_image":false,"footnotes":""},"class_list":["post-10841","page","type-page","status-publish","hentry"],"acf":[],"aioseo_notices":[],"_links":{"self":[{"href":"https:\/\/figaretti.com.pl\/pl\/wp-json\/wp\/v2\/pages\/10841","targetHints":{"allow":["GET"]}}],"collection":[{"href":"https:\/\/figaretti.com.pl\/pl\/wp-json\/wp\/v2\/pages"}],"about":[{"href":"https:\/\/figaretti.com.pl\/pl\/wp-json\/wp\/v2\/types\/page"}],"author":[{"embeddable":true,"href":"https:\/\/figaretti.com.pl\/pl\/wp-json\/wp\/v2\/users\/1"}],"replies":[{"embeddable":true,"href":"https:\/\/figaretti.com.pl\/pl\/wp-json\/wp\/v2\/comments?post=10841"}],"version-history":[{"count":8,"href":"https:\/\/figaretti.com.pl\/pl\/wp-json\/wp\/v2\/pages\/10841\/revisions"}],"predecessor-version":[{"id":12128,"href":"https:\/\/figaretti.com.pl\/pl\/wp-json\/wp\/v2\/pages\/10841\/revisions\/12128"}],"wp:attachment":[{"href":"https:\/\/figaretti.com.pl\/pl\/wp-json\/wp\/v2\/media?parent=10841"}],"curies":[{"name":"wp","href":"https:\/\/api.w.org\/{rel}","templated":true}]}}