{"id":10813,"date":"2025-05-17T12:48:20","date_gmt":"2025-05-17T12:48:20","guid":{"rendered":"https:\/\/figaretti.com.pl\/podstawowe-udogodnienia\/"},"modified":"2025-07-03T20:08:48","modified_gmt":"2025-07-03T20:08:48","slug":"podstawowe-udogodnienia","status":"publish","type":"page","link":"https:\/\/figaretti.com.pl\/pl\/o-nas\/podstawowe-udogodnienia\/","title":{"rendered":"Podstawowe udogodnienia"},"content":{"rendered":"\t\t<div data-elementor-type=\"wp-page\" data-elementor-id=\"10813\" class=\"elementor elementor-10813 elementor-10653\">\n\t\t\t\t<div class=\"elementor-element elementor-element-afb38ef e-flex e-con-boxed e-con e-parent\" data-id=\"afb38ef\" data-element_type=\"container\">\n\t\t\t\t\t<div class=\"e-con-inner\">\n\t\t\t\t<div class=\"elementor-element elementor-element-ea5ebc8 elementor-widget elementor-widget-heading\" data-id=\"ea5ebc8\" data-element_type=\"widget\" data-widget_type=\"heading.default\">\n\t\t\t\t<div class=\"elementor-widget-container\">\n\t\t\t\t\t<h1 class=\"elementor-heading-title elementor-size-default\">Podstawowe udogodnienia<\/h1>\t\t\t\t<\/div>\n\t\t\t\t<\/div>\n\t\t\t\t<div class=\"elementor-element elementor-element-2b798a0 elementor-widget elementor-widget-text-editor\" data-id=\"2b798a0\" data-element_type=\"widget\" data-widget_type=\"text-editor.default\">\n\t\t\t\t<div class=\"elementor-widget-container\">\n\t\t\t\t\t\t\t\t\t<p>Komfort i wygoda w Apartamentach Figaretti \u2013 wszystko, czego potrzebujesz<\/p><p><br>W Apartamentach Figaretti dbamy o ka\u017cdy detal, aby Tw\u00f3j pobyt by\u0142 wyj\u0105tkowy i pe\u0142en komfortu. Nasze apartamenty s\u0105 wyposa\u017cone we wszystko, czego potrzebujesz, by poczu\u0107 si\u0119 jak w domu, niezale\u017cnie od tego, czy zatrzymujesz si\u0119 na kr\u00f3tki weekend, czy d\u0142u\u017cszy pobyt. <\/p>\t\t\t\t\t\t\t\t<\/div>\n\t\t\t\t<\/div>\n\t\t\t\t\t<\/div>\n\t\t\t\t<\/div>\n\t\t<div class=\"elementor-element elementor-element-6a59687 e-flex e-con-boxed e-con e-parent\" data-id=\"6a59687\" data-element_type=\"container\">\n\t\t\t\t\t<div class=\"e-con-inner\">\n\t\t<div class=\"elementor-element elementor-element-460820a e-con-full e-flex e-con e-child\" data-id=\"460820a\" data-element_type=\"container\">\n\t\t\t\t<div class=\"elementor-element elementor-element-d5d0d78 elementor-view-stacked elementor-shape-circle elementor-position-top elementor-mobile-position-top elementor-widget elementor-widget-icon-box\" data-id=\"d5d0d78\" data-element_type=\"widget\" data-widget_type=\"icon-box.default\">\n\t\t\t\t<div class=\"elementor-widget-container\">\n\t\t\t\t\t\t\t<div class=\"elementor-icon-box-wrapper\">\n\n\t\t\t\t\t\t<div class=\"elementor-icon-box-icon\">\n\t\t\t\t<span  class=\"elementor-icon\">\n\t\t\t\t<svg aria-hidden=\"true\" class=\"e-font-icon-svg e-fas-star\" viewBox=\"0 0 576 512\" xmlns=\"http:\/\/www.w3.org\/2000\/svg\"><path d=\"M259.3 17.8L194 150.2 47.9 171.5c-26.2 3.8-36.7 36.1-17.7 54.6l105.7 103-25 145.5c-4.5 26.3 23.2 46 46.4 33.7L288 439.6l130.7 68.7c23.2 12.2 50.9-7.4 46.4-33.7l-25-145.5 105.7-103c19-18.5 8.5-50.8-17.7-54.6L382 150.2 316.7 17.8c-11.7-23.6-45.6-23.9-57.4 0z\"><\/path><\/svg>\t\t\t\t<\/span>\n\t\t\t<\/div>\n\t\t\t\n\t\t\t\t\t\t<div class=\"elementor-icon-box-content\">\n\n\t\t\t\t\t\t\t\t\t<h3 class=\"elementor-icon-box-title\">\n\t\t\t\t\t\t<span  >\n\t\t\t\t\t\t\tBezp\u0142atne Wi-Fi\t\t\t\t\t\t<\/span>\n\t\t\t\t\t<\/h3>\n\t\t\t\t\n\t\t\t\t\t\t\t\t\t<p class=\"elementor-icon-box-description\">\n\t\t\t\t\t\tBezp\u0142atne Wi-Fi \u2013 szybkie i stabilne po\u0142\u0105czenie internetowe pozwoli Ci swobodnie pracowa\u0107, przegl\u0105da\u0107 ulubione strony czy ogl\u0105da\u0107 filmy online.\t\t\t\t\t<\/p>\n\t\t\t\t\n\t\t\t<\/div>\n\t\t\t\n\t\t<\/div>\n\t\t\t\t\t\t<\/div>\n\t\t\t\t<\/div>\n\t\t\t\t<\/div>\n\t\t<div class=\"elementor-element elementor-element-a26af2a e-con-full e-flex e-con e-child\" data-id=\"a26af2a\" data-element_type=\"container\">\n\t\t\t\t<div class=\"elementor-element elementor-element-08959de elementor-view-stacked elementor-shape-circle elementor-position-top elementor-mobile-position-top elementor-widget elementor-widget-icon-box\" data-id=\"08959de\" data-element_type=\"widget\" data-widget_type=\"icon-box.default\">\n\t\t\t\t<div class=\"elementor-widget-container\">\n\t\t\t\t\t\t\t<div class=\"elementor-icon-box-wrapper\">\n\n\t\t\t\t\t\t<div class=\"elementor-icon-box-icon\">\n\t\t\t\t<span  class=\"elementor-icon\">\n\t\t\t\t<svg aria-hidden=\"true\" class=\"e-font-icon-svg e-fas-star\" viewBox=\"0 0 576 512\" xmlns=\"http:\/\/www.w3.org\/2000\/svg\"><path d=\"M259.3 17.8L194 150.2 47.9 171.5c-26.2 3.8-36.7 36.1-17.7 54.6l105.7 103-25 145.5c-4.5 26.3 23.2 46 46.4 33.7L288 439.6l130.7 68.7c23.2 12.2 50.9-7.4 46.4-33.7l-25-145.5 105.7-103c19-18.5 8.5-50.8-17.7-54.6L382 150.2 316.7 17.8c-11.7-23.6-45.6-23.9-57.4 0z\"><\/path><\/svg>\t\t\t\t<\/span>\n\t\t\t<\/div>\n\t\t\t\n\t\t\t\t\t\t<div class=\"elementor-icon-box-content\">\n\n\t\t\t\t\t\t\t\t\t<h3 class=\"elementor-icon-box-title\">\n\t\t\t\t\t\t<span  >\n\t\t\t\t\t\t\tKlimatyzacja\t\t\t\t\t\t<\/span>\n\t\t\t\t\t<\/h3>\n\t\t\t\t\n\t\t\t\t\t\t\t\t\t<p class=\"elementor-icon-box-description\">\n\t\t\t\t\t\t Klimatyzacja \u2013 niezale\u017cnie od pory roku, w apartamencie zawsze panuje przyjemna temperatura, zapewniaj\u0105ca komfortowy odpoczynek po dniu pe\u0142nym wra\u017ce\u0144.\t\t\t\t\t<\/p>\n\t\t\t\t\n\t\t\t<\/div>\n\t\t\t\n\t\t<\/div>\n\t\t\t\t\t\t<\/div>\n\t\t\t\t<\/div>\n\t\t\t\t<\/div>\n\t\t<div class=\"elementor-element elementor-element-35b3281 e-con-full e-flex e-con e-child\" data-id=\"35b3281\" data-element_type=\"container\">\n\t\t\t\t<div class=\"elementor-element elementor-element-9c41fa9 elementor-view-stacked elementor-shape-circle elementor-position-top elementor-mobile-position-top elementor-widget elementor-widget-icon-box\" data-id=\"9c41fa9\" data-element_type=\"widget\" data-widget_type=\"icon-box.default\">\n\t\t\t\t<div class=\"elementor-widget-container\">\n\t\t\t\t\t\t\t<div class=\"elementor-icon-box-wrapper\">\n\n\t\t\t\t\t\t<div class=\"elementor-icon-box-icon\">\n\t\t\t\t<span  class=\"elementor-icon\">\n\t\t\t\t<svg aria-hidden=\"true\" class=\"e-font-icon-svg e-fas-star\" viewBox=\"0 0 576 512\" xmlns=\"http:\/\/www.w3.org\/2000\/svg\"><path d=\"M259.3 17.8L194 150.2 47.9 171.5c-26.2 3.8-36.7 36.1-17.7 54.6l105.7 103-25 145.5c-4.5 26.3 23.2 46 46.4 33.7L288 439.6l130.7 68.7c23.2 12.2 50.9-7.4 46.4-33.7l-25-145.5 105.7-103c19-18.5 8.5-50.8-17.7-54.6L382 150.2 316.7 17.8c-11.7-23.6-45.6-23.9-57.4 0z\"><\/path><\/svg>\t\t\t\t<\/span>\n\t\t\t<\/div>\n\t\t\t\n\t\t\t\t\t\t<div class=\"elementor-icon-box-content\">\n\n\t\t\t\t\t\t\t\t\t<h3 class=\"elementor-icon-box-title\">\n\t\t\t\t\t\t<span  >\n\t\t\t\t\t\t\tW pe\u0142ni wyposa\u017cona kuchnia\t\t\t\t\t\t<\/span>\n\t\t\t\t\t<\/h3>\n\t\t\t\t\n\t\t\t\t\t\t\t\t\t<p class=\"elementor-icon-box-description\">\n\t\t\t\t\t\tW pe\u0142ni wyposa\u017cona kuchnia \u2013 dla mi\u0142o\u015bnik\u00f3w domowego jedzenia przygotowali\u015bmy kuchni\u0119 z pe\u0142nym wyposa\u017ceniem: lod\u00f3wka, kuchenka mikrofalowa, piekarnik, czajnik, naczynia i sztu\u0107ce \u2013 wszystko, czego potrzebujesz, aby przygotowa\u0107 pyszne \u015bniadanie, aromatyczn\u0105 kaw\u0119 czy kolacj\u0119 w kameralnej atmosferze.\t\t\t\t\t<\/p>\n\t\t\t\t\n\t\t\t<\/div>\n\t\t\t\n\t\t<\/div>\n\t\t\t\t\t\t<\/div>\n\t\t\t\t<\/div>\n\t\t\t\t<\/div>\n\t\t\t\t\t<\/div>\n\t\t\t\t<\/div>\n\t\t<div class=\"elementor-element elementor-element-c8003d1 e-flex e-con-boxed e-con e-parent\" data-id=\"c8003d1\" data-element_type=\"container\">\n\t\t\t\t\t<div class=\"e-con-inner\">\n\t\t<div class=\"elementor-element elementor-element-eecbca7 e-con-full e-flex e-con e-child\" data-id=\"eecbca7\" data-element_type=\"container\">\n\t\t\t\t<div class=\"elementor-element elementor-element-02b9c24 elementor-view-stacked elementor-shape-circle elementor-position-top elementor-mobile-position-top elementor-widget elementor-widget-icon-box\" data-id=\"02b9c24\" data-element_type=\"widget\" data-widget_type=\"icon-box.default\">\n\t\t\t\t<div class=\"elementor-widget-container\">\n\t\t\t\t\t\t\t<div class=\"elementor-icon-box-wrapper\">\n\n\t\t\t\t\t\t<div class=\"elementor-icon-box-icon\">\n\t\t\t\t<span  class=\"elementor-icon\">\n\t\t\t\t<svg aria-hidden=\"true\" class=\"e-font-icon-svg e-fas-star\" viewBox=\"0 0 576 512\" xmlns=\"http:\/\/www.w3.org\/2000\/svg\"><path d=\"M259.3 17.8L194 150.2 47.9 171.5c-26.2 3.8-36.7 36.1-17.7 54.6l105.7 103-25 145.5c-4.5 26.3 23.2 46 46.4 33.7L288 439.6l130.7 68.7c23.2 12.2 50.9-7.4 46.4-33.7l-25-145.5 105.7-103c19-18.5 8.5-50.8-17.7-54.6L382 150.2 316.7 17.8c-11.7-23.6-45.6-23.9-57.4 0z\"><\/path><\/svg>\t\t\t\t<\/span>\n\t\t\t<\/div>\n\t\t\t\n\t\t\t\t\t\t<div class=\"elementor-icon-box-content\">\n\n\t\t\t\t\t\t\t\t\t<h3 class=\"elementor-icon-box-title\">\n\t\t\t\t\t\t<span  >\n\t\t\t\t\t\t\tTelewizor z p\u0142askim ekranem\t\t\t\t\t\t<\/span>\n\t\t\t\t\t<\/h3>\n\t\t\t\t\n\t\t\t\t\t\t\t\t\t<p class=\"elementor-icon-box-description\">\n\t\t\t\t\t\tTelewizor z p\u0142askim ekranem \u2013 odpocznij na wygodnej sofie i ciesz si\u0119 dost\u0119pem do kana\u0142\u00f3w telewizyjnych lub platform streamingowych, kt\u00f3re umil\u0105 Ci wiecz\u00f3r.\t\t\t\t\t<\/p>\n\t\t\t\t\n\t\t\t<\/div>\n\t\t\t\n\t\t<\/div>\n\t\t\t\t\t\t<\/div>\n\t\t\t\t<\/div>\n\t\t\t\t<\/div>\n\t\t<div class=\"elementor-element elementor-element-3f8ae1a e-con-full e-flex e-con e-child\" data-id=\"3f8ae1a\" data-element_type=\"container\">\n\t\t\t\t<div class=\"elementor-element elementor-element-5c9f06c elementor-view-stacked elementor-shape-circle elementor-position-top elementor-mobile-position-top elementor-widget elementor-widget-icon-box\" data-id=\"5c9f06c\" data-element_type=\"widget\" data-widget_type=\"icon-box.default\">\n\t\t\t\t<div class=\"elementor-widget-container\">\n\t\t\t\t\t\t\t<div class=\"elementor-icon-box-wrapper\">\n\n\t\t\t\t\t\t<div class=\"elementor-icon-box-icon\">\n\t\t\t\t<span  class=\"elementor-icon\">\n\t\t\t\t<svg aria-hidden=\"true\" class=\"e-font-icon-svg e-fas-star\" viewBox=\"0 0 576 512\" xmlns=\"http:\/\/www.w3.org\/2000\/svg\"><path d=\"M259.3 17.8L194 150.2 47.9 171.5c-26.2 3.8-36.7 36.1-17.7 54.6l105.7 103-25 145.5c-4.5 26.3 23.2 46 46.4 33.7L288 439.6l130.7 68.7c23.2 12.2 50.9-7.4 46.4-33.7l-25-145.5 105.7-103c19-18.5 8.5-50.8-17.7-54.6L382 150.2 316.7 17.8c-11.7-23.6-45.6-23.9-57.4 0z\"><\/path><\/svg>\t\t\t\t<\/span>\n\t\t\t<\/div>\n\t\t\t\n\t\t\t\t\t\t<div class=\"elementor-icon-box-content\">\n\n\t\t\t\t\t\t\t\t\t<h3 class=\"elementor-icon-box-title\">\n\t\t\t\t\t\t<span  >\n\t\t\t\t\t\t\tElegancka \u0142azienka\t\t\t\t\t\t<\/span>\n\t\t\t\t\t<\/h3>\n\t\t\t\t\n\t\t\t\t\t\t\t\t\t<p class=\"elementor-icon-box-description\">\n\t\t\t\t\t\tElegancka \u0142azienka \u2013 chwile relaksu zapewni Ci nowoczesna \u0142azienka wyposa\u017cona w prysznic lub wann\u0119, mi\u0119kkie r\u0119czniki, suszark\u0119 do w\u0142os\u00f3w oraz zestaw kosmetyk\u00f3w \u0142azienkowych.\t\t\t\t\t<\/p>\n\t\t\t\t\n\t\t\t<\/div>\n\t\t\t\n\t\t<\/div>\n\t\t\t\t\t\t<\/div>\n\t\t\t\t<\/div>\n\t\t\t\t<\/div>\n\t\t\t\t\t<\/div>\n\t\t\t\t<\/div>\n\t\t<div class=\"elementor-element elementor-element-1f77f7f e-flex e-con-boxed e-con e-parent\" data-id=\"1f77f7f\" data-element_type=\"container\">\n\t\t\t\t\t<div class=\"e-con-inner\">\n\t\t<div class=\"elementor-element elementor-element-f78b48b e-con-full e-flex e-con e-child\" data-id=\"f78b48b\" data-element_type=\"container\">\n\t\t\t\t<div class=\"elementor-element elementor-element-9355db5 elementor-widget elementor-widget-text-editor\" data-id=\"9355db5\" data-element_type=\"widget\" data-widget_type=\"text-editor.default\">\n\t\t\t\t<div class=\"elementor-widget-container\">\n\t\t\t\t\t\t\t\t\t<p>W Apartamentach Figaretti stawiamy na wygod\u0119 i funkcjonalno\u015b\u0107, by ka\u017cdy pobyt by\u0142 nie tylko komfortowy, ale i niezapomniany. Zapraszamy! \u2728<\/p>\t\t\t\t\t\t\t\t<\/div>\n\t\t\t\t<\/div>\n\t\t\t\t<\/div>\n\t\t<div class=\"elementor-element elementor-element-637bbf9 e-con-full e-flex e-con e-child\" data-id=\"637bbf9\" data-element_type=\"container\">\n\t\t\t\t<div class=\"elementor-element elementor-element-ff10cf4 elementor-widget elementor-widget-kinsley-buttons\" data-id=\"ff10cf4\" data-element_type=\"widget\" data-widget_type=\"kinsley-buttons.default\">\n\t\t\t\t<div class=\"elementor-widget-container\">\n\t\t\t\t\t\n        <!-- action button -->\n        <a  href=\"\/kontakty\/\" class=\"knsl-btn knsl-btn-md\">\n                        <span >\n            Skontaktuj si\u0119 z nami            <\/span>\n        <\/a>\n        <!-- action button end -->\n\n\t\t\t\t\t\t<\/div>\n\t\t\t\t<\/div>\n\t\t\t\t<div class=\"elementor-element elementor-element-553dff9 elementor-widget elementor-widget-kinsley-buttons\" data-id=\"553dff9\" data-element_type=\"widget\" data-widget_type=\"kinsley-buttons.default\">\n\t\t\t\t<div class=\"elementor-widget-container\">\n\t\t\t\t\t\n        <!-- action button -->\n        <a  href=\"\/o-nas\/#location\" class=\"knsl-btn knsl-btn-md\">\n                        <span >\n            Nasze lokalizacje            <\/span>\n        <\/a>\n        <!-- action button end -->\n\n\t\t\t\t\t\t<\/div>\n\t\t\t\t<\/div>\n\t\t\t\t<\/div>\n\t\t\t\t\t<\/div>\n\t\t\t\t<\/div>\n\t\t\t\t<\/div>\n\t\t","protected":false},"excerpt":{"rendered":"<p>Podstawowe udogodnienia Komfort i wygoda w Apartamentach Figaretti \u2013 wszystko, czego potrzebujesz W Apartamentach Figaretti dbamy o ka\u017cdy detal, aby&#8230; <span class=\"knsl-el-more\"><a href=\"https:\/\/figaretti.com.pl\/pl\/o-nas\/podstawowe-udogodnienia\/\" class=\"knsl-btn\">Read more<span class=\"screen-reader-text\">Read more&nbsp;Podstawowe udogodnienia<\/span><\/a><\/span><\/p>\n","protected":false},"author":1,"featured_media":0,"parent":10826,"menu_order":0,"comment_status":"closed","ping_status":"closed","template":"template-layout-builder.php","meta":{"_acf_changed":false,"inline_featured_image":false,"footnotes":""},"class_list":["post-10813","page","type-page","status-publish","hentry"],"acf":[],"aioseo_notices":[],"_links":{"self":[{"href":"https:\/\/figaretti.com.pl\/pl\/wp-json\/wp\/v2\/pages\/10813","targetHints":{"allow":["GET"]}}],"collection":[{"href":"https:\/\/figaretti.com.pl\/pl\/wp-json\/wp\/v2\/pages"}],"about":[{"href":"https:\/\/figaretti.com.pl\/pl\/wp-json\/wp\/v2\/types\/page"}],"author":[{"embeddable":true,"href":"https:\/\/figaretti.com.pl\/pl\/wp-json\/wp\/v2\/users\/1"}],"replies":[{"embeddable":true,"href":"https:\/\/figaretti.com.pl\/pl\/wp-json\/wp\/v2\/comments?post=10813"}],"version-history":[{"count":10,"href":"https:\/\/figaretti.com.pl\/pl\/wp-json\/wp\/v2\/pages\/10813\/revisions"}],"predecessor-version":[{"id":12837,"href":"https:\/\/figaretti.com.pl\/pl\/wp-json\/wp\/v2\/pages\/10813\/revisions\/12837"}],"up":[{"embeddable":true,"href":"https:\/\/figaretti.com.pl\/pl\/wp-json\/wp\/v2\/pages\/10826"}],"wp:attachment":[{"href":"https:\/\/figaretti.com.pl\/pl\/wp-json\/wp\/v2\/media?parent=10813"}],"curies":[{"name":"wp","href":"https:\/\/api.w.org\/{rel}","templated":true}]}}