{"id":10729,"date":"2025-05-19T20:09:30","date_gmt":"2025-05-19T20:09:30","guid":{"rendered":"https:\/\/figaretti.com.pl\/?page_id=10729"},"modified":"2025-05-23T18:58:26","modified_gmt":"2025-05-23T18:58:26","slug":"privacy-policy-and-cookies-use","status":"publish","type":"page","link":"https:\/\/figaretti.com.pl\/pl\/privacy-policy-and-cookies-use\/","title":{"rendered":"Polityka prywatno\u015bci i stosowania plik\u00f3w cookies"},"content":{"rendered":"\t\t<div data-elementor-type=\"wp-page\" data-elementor-id=\"10729\" class=\"elementor elementor-10729 elementor-10695\">\n\t\t\t\t<div class=\"elementor-element elementor-element-afb38ef e-flex e-con-boxed e-con e-parent\" data-id=\"afb38ef\" data-element_type=\"container\">\n\t\t\t\t\t<div class=\"e-con-inner\">\n\t\t\t\t<div class=\"elementor-element elementor-element-ea5ebc8 elementor-widget elementor-widget-heading\" data-id=\"ea5ebc8\" data-element_type=\"widget\" data-widget_type=\"heading.default\">\n\t\t\t\t<div class=\"elementor-widget-container\">\n\t\t\t\t\t<h1 class=\"elementor-heading-title elementor-size-default\">Polityka prywatno\u015bci i stosowania plik\u00f3w cookies<\/h1>\t\t\t\t<\/div>\n\t\t\t\t<\/div>\n\t\t\t\t<div class=\"elementor-element elementor-element-2b798a0 elementor-widget elementor-widget-text-editor\" data-id=\"2b798a0\" data-element_type=\"widget\" data-widget_type=\"text-editor.default\">\n\t\t\t\t<div class=\"elementor-widget-container\">\n\t\t\t\t\t\t\t\t\t<div class=\"polityka-prywatnosci\"><p>Niniejsza Polityka prywatno\u015bci okre\u015bla zasady przetwarzania i ochrony danych osobowych przekazanych przez U\u017cytkownik\u00f3w w zwi\u0105zku z korzystaniem ze strony internetowej oraz us\u0142ug zwi\u0105zanych z najmem apartament\u00f3w Figaretti, prowadzonych przez WIES\u0141AW OBIDOWICZ PRZEDSI\u0118BIORSTWO PRODUKCYJNO-HANDLOWE &#8220;FIGARETTI&#8221;, ul. Zdun\u00f3w 18G\/2, 30-428 Krak\u00f3w, NIP 6781002817, REGON 350744880, e-mail: figaretti@figaretti.com.pl.<\/p><p>\u00a0<\/p><p><strong>\u00a7 1 POSTANOWIENIA OG\u00d3LNE<\/strong><\/p><ol><li>Administratorem danych osobowych zbieranych za po\u015brednictwem strony internetowej jest WIES\u0141AW OBIDOWICZ PRZEDSI\u0118BIORSTWO PRODUKCYJNO-HANDLOWE &#8220;FIGARETTI&#8221; (zwany dalej: &#8220;Administrator&#8221;).<\/li><li>Administrator dok\u0142ada szczeg\u00f3lnej staranno\u015bci w celu ochrony interes\u00f3w os\u00f3b, kt\u00f3rych dane dotycz\u0105, a w szczeg\u00f3lno\u015bci zapewnia, \u017ce dane te s\u0105:<\/li><\/ol><p>&#8211; przetwarzane zgodnie z prawem,<\/p><p>&#8211; zbierane dla oznaczonych, zgodnych z prawem cel\u00f3w i niepoddawane dalszemu przetwarzaniu niezgodnemu z tymi celami, merytorycznie poprawne i adekwatne w stosunku do cel\u00f3w, w jakich s\u0105 przetwarzane,<\/p><p>&#8211; przechowywane w postaci umo\u017cliwiaj\u0105cej identyfikacj\u0119 os\u00f3b, kt\u00f3rych dotycz\u0105, nie d\u0142u\u017cej ni\u017c jest to niezb\u0119dne do osi\u0105gni\u0119cia celu przetwarzania.<\/p><p>\u00a0<\/p><p><strong>\u00a7 2 CEL I ZAKRES ZBIERANIA DANYCH<\/strong><\/p><ol><li>Dane osobowe U\u017cytkownik\u00f3w s\u0105 zbierane w celu:<\/li><\/ol><p>&#8211; umo\u017cliwienia rezerwacji apartament\u00f3w,<\/p><p>&#8211; realizacji umowy najmu kr\u00f3tkoterminowego,<\/p><p>&#8211; wystawiania dokument\u00f3w ksi\u0119gowych (np. faktur),<\/p><p>&#8211; kontaktu z klientem (np. potwierdzenia rezerwacji, obs\u0142ugi zg\u0142osze\u0144),<\/p><p>&#8211; prowadzenia dzia\u0142a\u0144 marketingowych (je\u015bli wyra\u017cona zosta\u0142a zgoda).<\/p><ol start=\"2\"><li>Administrator mo\u017ce przetwarza\u0107 nast\u0119puj\u0105ce dane osobowe:<\/li><\/ol><p>&#8211; imi\u0119 i nazwisko,<\/p><p>&#8211; adres e-mail,<\/p><p>&#8211; numer telefonu,<\/p><p>&#8211; adres zamieszkania (w przypadku wystawiania faktury),<\/p><p>&#8211; dane niezb\u0119dne do realizacji p\u0142atno\u015bci i rezerwacji.<\/p><p>\u00a0<\/p><p><strong>\u00a7 3 PODSTAWA PRZETWARZANIA DANYCH<\/strong><\/p><ol><li>Dane osobowe s\u0105 przetwarzane zgodnie z przepisami RODO (Rozporz\u0105dzenie Parlamentu Europejskiego i Rady (UE) 2016\/679).<\/li><li>Podstaw\u0105 przetwarzania danych jest:<\/li><\/ol><p>&#8211; zgoda osoby, kt\u00f3rej dane dotycz\u0105 (art. 6 ust. 1 lit. a RODO),<\/p><p>&#8211; wykonanie umowy (art. 6 ust. 1 lit. b RODO),<\/p><p>&#8211; wype\u0142nienie obowi\u0105zku prawnego (np. podatkowego) ci\u0105\u017c\u0105cego na Administratorze (art. 6 ust. 1 lit.\u00a0\u00a0 c RODO),<\/p><p>&#8211; uzasadniony interes Administratora (np. dochodzenie roszcze\u0144).<\/p><p>\u00a0<\/p><p><strong>\u00a7 4 UDOST\u0118PNIANIE DANYCH<\/strong><\/p><ol><li>Dane osobowe U\u017cytkownik\u00f3w mog\u0105 by\u0107 przekazywane podmiotom przetwarzaj\u0105cym je na zlecenie Administratora, takim jak:<\/li><\/ol><p>&#8211; firmy obs\u0142uguj\u0105ce system rezerwacyjny (np. Booking.com, Airbnb, Nocowanie.pl),<\/p><p>&#8211; firmy \u015bwiadcz\u0105ce us\u0142ugi IT i hostingowe,<\/p><p>&#8211; biuro rachunkowe,<\/p><p>&#8211; operatorzy p\u0142atno\u015bci.<\/p><ol start=\"2\"><li>Dane nie s\u0105 przekazywane poza Europejski Obszar Gospodarczy, chyba \u017ce U\u017cytkownik korzysta z zagranicznego serwisu rezerwacyjnego, kt\u00f3ry posiada w\u0142asn\u0105 polityk\u0119 prywatno\u015bci.<\/li><\/ol><p>\u00a0<\/p><p><strong>\u00a7 5 PRAWA OS\u00d3B, KT\u00d3RYCH DANE DOTYCZ\u0104<\/strong><\/p><ol><li>Ka\u017cdemu U\u017cytkownikowi przys\u0142uguje prawo do:<\/li><\/ol><p>&#8211; dost\u0119pu do danych osobowych,<\/p><p>&#8211; ich sprostowania,<\/p><p>&#8211; usuni\u0119cia,<\/p><p>&#8211; ograniczenia przetwarzania,<\/p><p>&#8211; przenoszenia danych,<\/p><p>&#8211; wniesienia sprzeciwu wobec przetwarzania,<\/p><p>&#8211; cofni\u0119cia zgody (w ka\u017cdej chwili),<\/p><p>&#8211; wniesienia skargi do Prezesa Urz\u0119du Ochrony Danych Osobowych.<\/p><ol start=\"2\"><li>W celu realizacji powy\u017cszych praw nale\u017cy skontaktowa\u0107 si\u0119 z Administratorem przez e-mail: figaretti@figaretti.com.pl.<\/li><\/ol><p>\u00a0<\/p><p><strong>\u00a7 6 OKRES PRZECHOWYWANIA DANYCH<\/strong><\/p><ol><li>Dane osobowe s\u0105 przechowywane przez okres:<\/li><\/ol><p>&#8211; niezb\u0119dny do realizacji rezerwacji i wykonania umowy,<\/p><p>&#8211; wymagany przepisami prawa (np. podatkowymi),<\/p><p>&#8211; do momentu cofni\u0119cia zgody (je\u015bli podstaw\u0105 przetwarzania by\u0142a zgoda).<\/p><p>\u00a0<\/p><p><strong>\u00a7 7 BEZPIECZE\u0143STWO DANYCH<\/strong><\/p><ol><li>Administrator stosuje odpowiednie \u015brodki techniczne i organizacyjne zapewniaj\u0105ce ochron\u0119 danych osobowych przed ich udost\u0119pnieniem osobom nieupowa\u017cnionym, utrat\u0105, zniszczeniem, czy modyfikacj\u0105.<\/li><li>Dost\u0119p do danych osobowych maj\u0105 tylko osoby upowa\u017cnione przez Administratora.<\/li><\/ol><p>\u00a0<\/p><p><strong>\u00a7 8 INFORMACJE TECHNICZNE \u2013 PLIKI COOKIE<\/strong><\/p><ol><li>Strona internetowa korzysta z plik\u00f3w cookie (tzw. \u201eciasteczek\u201d) \u2013 niewielkich plik\u00f3w tekstowych przechowywanych na urz\u0105dzeniu ko\u0144cowym U\u017cytkownika (komputerze, telefonie, tablecie), kt\u00f3re s\u0105 niezb\u0119dne do prawid\u0142owego dzia\u0142ania strony oraz w celach statystycznych i marketingowych.<\/li><li>Pliki cookie wykorzystywane s\u0105 w celu:<\/li><\/ol><p>&#8211; zapewnienia poprawnego dzia\u0142ania strony i jej funkcjonalno\u015bci (np. zapami\u0119tywania preferencji j\u0119zykowych, formularzy rezerwacyjnych),<\/p><p>&#8211; analizy ruchu i zachowa\u0144 U\u017cytkownik\u00f3w (np. z wykorzystaniem Google Analytics),<\/p><p>&#8211; prowadzenia dzia\u0142a\u0144 remarketingowych i personalizacji tre\u015bci (np. Google Ads, Facebook Pixel),<\/p><p>&#8211; zabezpieczenia i poprawy wydajno\u015bci serwisu.<\/p><ol start=\"3\"><li>W ramach strony mog\u0105 by\u0107 stosowane nast\u0119puj\u0105ce typy plik\u00f3w cookie:<\/li><\/ol><p>&#8211; techniczne (niezb\u0119dne) \u2013 umo\u017cliwiaj\u0105ce prawid\u0142owe dzia\u0142anie strony oraz korzystanie z jej podstawowych funkcji (np. utrzymanie sesji U\u017cytkownika),<\/p><p>&#8211; funkcjonalne \u2013 umo\u017cliwiaj\u0105ce zapami\u0119tanie ustawie\u0144 U\u017cytkownika i personalizacj\u0119 interfejsu,<\/p><p>&#8211; analityczne i statystyczne \u2013 pomagaj\u0105ce zrozumie\u0107 spos\u00f3b, w jaki U\u017cytkownicy korzystaj\u0105 ze strony (np. Google Analytics),<\/p><p>&#8211; marketingowe \u2013 pozwalaj\u0105ce wy\u015bwietla\u0107 spersonalizowane reklamy zgodnie z zainteresowaniami U\u017cytkownika.<\/p><ol start=\"4\"><li>U\u017cytkownik mo\u017ce samodzielnie zarz\u0105dza\u0107 plikami cookie poprzez:<\/li><\/ol><p>&#8211; ustawienia przegl\u0105darki internetowej (istnieje mo\u017cliwo\u015b\u0107 blokowania lub usuwania plik\u00f3w cookie),<\/p><p>&#8211; ustawienia prywatno\u015bci i zg\u00f3d na stronie (je\u015bli udost\u0119pnione jest narz\u0119dzie typu cookie banner).<\/p><p>&#8211; Korzystanie ze strony bez zmiany ustawie\u0144 dotycz\u0105cych plik\u00f3w cookie oznacza akceptacj\u0119 ich\u00a0\u00a0\u00a0\u00a0\u00a0\u00a0 stosowania zgodnie z niniejsz\u0105 Polityk\u0105.<\/p><p>\u00a0<\/p><p><strong>\u00a7 9 POSTANOWIENIA KO\u0143COWE<\/strong><\/p><ol><li>Niniejsza Polityka prywatno\u015bci obowi\u0105zuje od 25 maja 2018 roku.<\/li><li>W zwi\u0105zku z ci\u0105g\u0142ym rozwojem i post\u0119pem techniki zasady okre\u015blone w Polityce Prywatno\u015bci mog\u0105 ulec zmianie.<\/li><li>O zmianie tych zasad Administrator poinformuje U\u017cytkownik\u00f3w z odpowiednim wyprzedzeniem, nie p\u00f3\u017aniej ni\u017c na 7 dni przed ich wprowadzeniem, poprzez zamieszczenie nowej tre\u015bci niniejszego dokumentu na stronie internetowej https:\/\/figaretti.com.pl\/regulamin<\/li><\/ol><\/div>\t\t\t\t\t\t\t\t<\/div>\n\t\t\t\t<\/div>\n\t\t\t\t\t<\/div>\n\t\t\t\t<\/div>\n\t\t\t\t<\/div>\n\t\t","protected":false},"excerpt":{"rendered":"<p>Polityka prywatno\u015bci i stosowania plik\u00f3w cookies Niniejsza Polityka prywatno\u015bci okre\u015bla zasady przetwarzania i ochrony danych osobowych przekazanych przez U\u017cytkownik\u00f3w w&#8230; <span class=\"knsl-el-more\"><a href=\"https:\/\/figaretti.com.pl\/pl\/privacy-policy-and-cookies-use\/\" class=\"knsl-btn\">Read more<span class=\"screen-reader-text\">Read more&nbsp;Polityka prywatno\u015bci i stosowania plik\u00f3w cookies<\/span><\/a><\/span><\/p>\n","protected":false},"author":1,"featured_media":0,"parent":0,"menu_order":0,"comment_status":"closed","ping_status":"closed","template":"template-layout-builder.php","meta":{"_acf_changed":false,"inline_featured_image":false,"footnotes":""},"class_list":["post-10729","page","type-page","status-publish","hentry"],"acf":[],"aioseo_notices":[],"_links":{"self":[{"href":"https:\/\/figaretti.com.pl\/pl\/wp-json\/wp\/v2\/pages\/10729","targetHints":{"allow":["GET"]}}],"collection":[{"href":"https:\/\/figaretti.com.pl\/pl\/wp-json\/wp\/v2\/pages"}],"about":[{"href":"https:\/\/figaretti.com.pl\/pl\/wp-json\/wp\/v2\/types\/page"}],"author":[{"embeddable":true,"href":"https:\/\/figaretti.com.pl\/pl\/wp-json\/wp\/v2\/users\/1"}],"replies":[{"embeddable":true,"href":"https:\/\/figaretti.com.pl\/pl\/wp-json\/wp\/v2\/comments?post=10729"}],"version-history":[{"count":11,"href":"https:\/\/figaretti.com.pl\/pl\/wp-json\/wp\/v2\/pages\/10729\/revisions"}],"predecessor-version":[{"id":11220,"href":"https:\/\/figaretti.com.pl\/pl\/wp-json\/wp\/v2\/pages\/10729\/revisions\/11220"}],"wp:attachment":[{"href":"https:\/\/figaretti.com.pl\/pl\/wp-json\/wp\/v2\/media?parent=10729"}],"curies":[{"name":"wp","href":"https:\/\/api.w.org\/{rel}","templated":true}]}}